{"id":32674,"date":"2025-11-06T09:35:54","date_gmt":"2025-11-06T08:35:26","guid":{"rendered":"https:\/\/www.saertex.com\/?page_id=32674"},"modified":"2026-02-10T17:11:30","modified_gmt":"2026-02-10T16:11:30","slug":"gestion-dentreprise","status":"publish","type":"page","link":"https:\/\/stx-dev.livewelt-digital.de\/fr\/unternehmen\/unternehmensfuehrung\/","title":{"rendered":"Unternehmensf\u00fchrung"},"content":{"rendered":"<div data-elementor-type=\"wp-page\" data-elementor-id=\"32674\" class=\"elementor elementor-32674\" data-elementor-post-type=\"page\">\n\t\t\t\t<div class=\"elementor-element elementor-element-1a74d780 e-flex e-con-boxed e-con e-parent\" data-id=\"1a74d780\" data-element_type=\"container\" data-settings=\"{&quot;background_background&quot;:&quot;classic&quot;}\">\n\t\t\t\t\t<div class=\"e-con-inner\">\n\t\t<div class=\"elementor-element elementor-element-393dd6b0 e-con-full e-flex elementor-invisible e-con e-child\" data-id=\"393dd6b0\" data-element_type=\"container\" data-settings=\"{&quot;animation&quot;:&quot;fadeIn&quot;}\">\n\t\t\t\t<div class=\"elementor-element elementor-element-4ebba83a elementor-widget elementor-widget-heading\" data-id=\"4ebba83a\" data-element_type=\"widget\" data-widget_type=\"heading.default\">\n\t\t\t\t\t<h1 class=\"elementor-heading-title elementor-size-default\">Unternehmens&shy;f\u00fchrung<\/h1>\t\t\t\t<\/div>\n\t\t\t\t<\/div>\n\t\t\t\t\t<\/div>\n\t\t\t\t<\/div>\n\t\t<div class=\"elementor-element elementor-element-7c2c053 e-flex e-con-boxed e-con e-parent\" data-id=\"7c2c053\" data-element_type=\"container\" data-settings=\"{&quot;background_background&quot;:&quot;classic&quot;}\">\n\t\t\t\t\t<div class=\"e-con-inner\">\n\t\t<div class=\"elementor-element elementor-element-4bcf657 e-con-full e-flex elementor-invisible e-con e-child\" data-id=\"4bcf657\" data-element_type=\"container\" data-settings=\"{&quot;animation&quot;:&quot;fadeInLeft&quot;}\">\n\t\t\t\t<div class=\"elementor-element elementor-element-8a2a777 title-color-1 elementor-widget elementor-widget-heading\" data-id=\"8a2a777\" data-element_type=\"widget\" data-widget_type=\"heading.default\">\n\t\t\t\t\t<h2 class=\"elementor-heading-title elementor-size-default\">EIN FAMILIENUNTERNEHMEN MIT TRADITION<\/h2>\t\t\t\t<\/div>\n\t\t\t\t<div class=\"elementor-element elementor-element-381503f elementor-widget elementor-widget-text-editor\" data-id=\"381503f\" data-element_type=\"widget\" data-widget_type=\"text-editor.default\">\n\t\t\t\t\t\t\t\t\t<p data-start=\"201\" data-end=\"497\" class=\"translation-block\">SAERTEX ist ein unabh\u00e4ngiges Familienunternehmen, das seit seiner Gr\u00fcndung 1982 von einer langfristigen, verantwortungsbewussten Eigent\u00fcmerstruktur gepr\u00e4gt wird. Die Gesellschafter-Familie steht f\u00fcr unternehmerische Kontinuit\u00e4t, nachhaltiges Wachstum und eine klare Vision f\u00fcr die Zukunft des Unternehmens.<\/p><p data-start=\"499\" data-end=\"892\" class=\"translation-block\">Mit ihrem starken Engagement, ihrer Verbundenheit zum Unternehmen und ihrem Vertrauen in die Mitarbeitenden schaffen sie den Rahmen, in dem SAERTEX sich weltweit erfolgreich weiterentwickeln kann. Der enge Austausch zwischen Eigent\u00fcmern und Management bildet dabei eine wichtige Grundlage f\u00fcr strategische Entscheidungen und eine zukunftsorientierte Ausrichtung des Unternehmens.<\/p>\t\t\t\t\t\t\t\t<\/div>\n\t\t\t\t<div class=\"elementor-element elementor-element-97271e7 elementor-widget elementor-widget-button\" data-id=\"97271e7\" data-element_type=\"widget\" data-widget_type=\"button.default\">\n\t\t\t\t\t\t\t\t\t\t<a class=\"elementor-button elementor-button-link elementor-size-sm\" href=\"https:\/\/www.saertex.com\/unternehmen\/\">\n\t\t\t\t\t\t<span class=\"elementor-button-content-wrapper\">\n\t\t\t\t\t\t<span class=\"elementor-button-icon\">\n\t\t\t\t<i aria-hidden=\"true\" class=\"fas fa-long-arrow-alt-right\"><\/i>\t\t\t<\/span>\n\t\t\t\t\t\t\t\t\t<span class=\"elementor-button-text\">unsere geschichte<\/span>\n\t\t\t\t\t<\/span>\n\t\t\t\t\t<\/a>\n\t\t\t\t\t\t\t\t<\/div>\n\t\t\t\t<\/div>\n\t\t<div class=\"elementor-element elementor-element-87dfd66 e-con-full e-flex elementor-invisible e-con e-child\" data-id=\"87dfd66\" data-element_type=\"container\" data-settings=\"{&quot;animation&quot;:&quot;fadeInRight&quot;}\">\n\t\t\t\t<div class=\"elementor-element elementor-element-0de06d6 elementor-widget elementor-widget-image\" data-id=\"0de06d6\" data-element_type=\"widget\" data-widget_type=\"image.default\">\n\t\t\t\t\t\t\t\t\t\t\t\t\t\t\t<img fetchpriority=\"high\" decoding=\"async\" width=\"800\" height=\"427\" src=\"https:\/\/stx-dev.livewelt-digital.de\/wp-content\/uploads\/2025\/12\/saertex_gf_gruppen-14-1024x546.jpg\" class=\"attachment-large size-large wp-image-33825\" alt=\"Person in a suit standing outdoors\" srcset=\"https:\/\/stx-dev.livewelt-digital.de\/wp-content\/uploads\/2025\/12\/saertex_gf_gruppen-14-1024x546.jpg 1024w, https:\/\/stx-dev.livewelt-digital.de\/wp-content\/uploads\/2025\/12\/saertex_gf_gruppen-14-300x160.jpg 300w, https:\/\/stx-dev.livewelt-digital.de\/wp-content\/uploads\/2025\/12\/saertex_gf_gruppen-14-150x80.jpg 150w, https:\/\/stx-dev.livewelt-digital.de\/wp-content\/uploads\/2025\/12\/saertex_gf_gruppen-14-768x410.jpg 768w, https:\/\/stx-dev.livewelt-digital.de\/wp-content\/uploads\/2025\/12\/saertex_gf_gruppen-14-1536x819.jpg 1536w, https:\/\/stx-dev.livewelt-digital.de\/wp-content\/uploads\/2025\/12\/saertex_gf_gruppen-14-18x10.jpg 18w, https:\/\/stx-dev.livewelt-digital.de\/wp-content\/uploads\/2025\/12\/saertex_gf_gruppen-14.jpg 1920w\" sizes=\"(max-width: 800px) 100vw, 800px\" \/>\t\t\t\t\t\t\t\t\t\t\t\t\t\t\t<\/div>\n\t\t\t\t<\/div>\n\t\t\t\t\t<\/div>\n\t\t\t\t<\/div>\n\t\t<div class=\"elementor-element elementor-element-4c9ccf50 e-flex e-con-boxed e-con e-parent\" data-id=\"4c9ccf50\" data-element_type=\"container\" data-settings=\"{&quot;background_background&quot;:&quot;classic&quot;}\">\n\t\t\t\t\t<div class=\"e-con-inner\">\n\t\t<div class=\"elementor-element elementor-element-37896181 e-con-full e-flex elementor-invisible e-con e-child\" data-id=\"37896181\" data-element_type=\"container\" data-settings=\"{&quot;animation&quot;:&quot;fadeInRight&quot;}\">\n\t\t\t\t<div class=\"elementor-element elementor-element-6b6af18 elementor-widget elementor-widget-image\" data-id=\"6b6af18\" data-element_type=\"widget\" data-widget_type=\"image.default\">\n\t\t\t\t\t\t\t\t\t\t\t\t\t\t\t<img decoding=\"async\" width=\"800\" height=\"534\" src=\"https:\/\/stx-dev.livewelt-digital.de\/wp-content\/uploads\/2025\/12\/DSC0776-Verbessert-RR-1024x683.jpg\" class=\"attachment-large size-large wp-image-34432\" alt=\"Drei M\u00e4nner in Anz\u00fcgen stehen in einem modernen B\u00fcro.\" srcset=\"https:\/\/stx-dev.livewelt-digital.de\/wp-content\/uploads\/2025\/12\/DSC0776-Verbessert-RR-1024x683.jpg 1024w, https:\/\/stx-dev.livewelt-digital.de\/wp-content\/uploads\/2025\/12\/DSC0776-Verbessert-RR-300x200.jpg 300w, https:\/\/stx-dev.livewelt-digital.de\/wp-content\/uploads\/2025\/12\/DSC0776-Verbessert-RR-150x100.jpg 150w, https:\/\/stx-dev.livewelt-digital.de\/wp-content\/uploads\/2025\/12\/DSC0776-Verbessert-RR-768x512.jpg 768w, https:\/\/stx-dev.livewelt-digital.de\/wp-content\/uploads\/2025\/12\/DSC0776-Verbessert-RR-1536x1024.jpg 1536w, https:\/\/stx-dev.livewelt-digital.de\/wp-content\/uploads\/2025\/12\/DSC0776-Verbessert-RR-18x12.jpg 18w, https:\/\/stx-dev.livewelt-digital.de\/wp-content\/uploads\/2025\/12\/DSC0776-Verbessert-RR.jpg 1920w\" sizes=\"(max-width: 800px) 100vw, 800px\" \/>\t\t\t\t\t\t\t\t\t\t\t\t\t\t\t<\/div>\n\t\t\t\t<\/div>\n\t\t<div class=\"elementor-element elementor-element-45608c7 e-con-full e-flex elementor-invisible e-con e-child\" data-id=\"45608c7\" data-element_type=\"container\" data-settings=\"{&quot;animation&quot;:&quot;fadeInLeft&quot;}\">\n\t\t\t\t<div class=\"elementor-element elementor-element-7b2758e8 title-color-1 elementor-widget elementor-widget-heading\" data-id=\"7b2758e8\" data-element_type=\"widget\" data-widget_type=\"heading.default\">\n\t\t\t\t\t<h2 class=\"elementor-heading-title elementor-size-default\">Strategische F\u00fchrung f\u00fcr nachhaltigen Erfolg<\/h2>\t\t\t\t<\/div>\n\t\t\t\t<div class=\"elementor-element elementor-element-7e988934 elementor-widget elementor-widget-text-editor\" data-id=\"7e988934\" data-element_type=\"widget\" data-widget_type=\"text-editor.default\">\n\t\t\t\t\t\t\t\t\t<p class=\"translation-block\">Das Management von SAERTEX zeichnet sich durch Innovationskraft, strategische Weitsicht und Kundenn\u00e4he aus \u2013 und daf\u00fcr, L\u00f6sungen zu schaffen, die unsere Kunden und ihre M\u00e4rkte voranbringen.<\/p><p class=\"translation-block\">Unser Managementteam vereint unterschiedliche fachliche Hintergr\u00fcnde und internationale Erfahrung aus Technik, Produktion, Vertrieb und Unternehmensentwicklung. Jede F\u00fchrungskraft bringt ihre eigene Expertise ein \u2013 von tiefem Know-how in Hochleistungsfaserverbunden bis hin zu strategischer Markt- und Kundenorientierung. Ihre Vielfalt an Perspektiven bildet die Basis f\u00fcr nachhaltiges Wachstum und unternehmerischen Erfolg.<\/p><p class=\"translation-block\">Gemeinsam setzen sie auf transparente Zusammenarbeit und den Anspruch, SAERTEX als globalen Innovationspartner weiterzuentwickeln.<\/p>\t\t\t\t\t\t\t\t<\/div>\n\t\t\t\t<\/div>\n\t\t\t\t\t<\/div>\n\t\t\t\t<\/div>\n\t\t<div class=\"elementor-element elementor-element-fa3e896 e-flex e-con-boxed e-con e-parent\" data-id=\"fa3e896\" data-element_type=\"container\" data-settings=\"{&quot;background_background&quot;:&quot;classic&quot;}\">\n\t\t\t\t\t<div class=\"e-con-inner\">\n\t\t<div class=\"elementor-element elementor-element-6ba85dec e-con-full e-flex elementor-invisible e-con e-child\" data-id=\"6ba85dec\" data-element_type=\"container\" data-settings=\"{&quot;animation&quot;:&quot;fadeInLeft&quot;}\">\n\t\t\t\t<div class=\"elementor-element elementor-element-353dc91b elementor-widget elementor-widget-image\" data-id=\"353dc91b\" data-element_type=\"widget\" data-widget_type=\"image.default\">\n\t\t\t\t\t\t\t\t\t\t\t\t\t\t\t<img decoding=\"async\" width=\"800\" height=\"534\" src=\"https:\/\/stx-dev.livewelt-digital.de\/wp-content\/uploads\/2025\/12\/DSC0951-Verbessert-RR-1024x683.jpg\" class=\"attachment-large size-large wp-image-34437\" alt=\"Mann steht in einem modernen B\u00fcro\" srcset=\"https:\/\/stx-dev.livewelt-digital.de\/wp-content\/uploads\/2025\/12\/DSC0951-Verbessert-RR-1024x683.jpg 1024w, https:\/\/stx-dev.livewelt-digital.de\/wp-content\/uploads\/2025\/12\/DSC0951-Verbessert-RR-300x200.jpg 300w, https:\/\/stx-dev.livewelt-digital.de\/wp-content\/uploads\/2025\/12\/DSC0951-Verbessert-RR-150x100.jpg 150w, https:\/\/stx-dev.livewelt-digital.de\/wp-content\/uploads\/2025\/12\/DSC0951-Verbessert-RR-768x512.jpg 768w, https:\/\/stx-dev.livewelt-digital.de\/wp-content\/uploads\/2025\/12\/DSC0951-Verbessert-RR-1536x1024.jpg 1536w, https:\/\/stx-dev.livewelt-digital.de\/wp-content\/uploads\/2025\/12\/DSC0951-Verbessert-RR-18x12.jpg 18w, https:\/\/stx-dev.livewelt-digital.de\/wp-content\/uploads\/2025\/12\/DSC0951-Verbessert-RR.jpg 1920w\" sizes=\"(max-width: 800px) 100vw, 800px\" \/>\t\t\t\t\t\t\t\t\t\t\t\t\t\t\t<\/div>\n\t\t\t\t<\/div>\n\t\t<div class=\"elementor-element elementor-element-5f972751 e-con-full e-flex elementor-invisible e-con e-child\" data-id=\"5f972751\" data-element_type=\"container\" data-settings=\"{&quot;animation&quot;:&quot;fadeInRight&quot;}\">\n\t\t\t\t<div class=\"elementor-element elementor-element-7374bb2b elementor-widget elementor-widget-heading\" data-id=\"7374bb2b\" data-element_type=\"widget\" data-widget_type=\"heading.default\">\n\t\t\t\t\t<h2 class=\"elementor-heading-title elementor-size-default\">Christian Beckmann<\/h2>\t\t\t\t<\/div>\n\t\t\t\t<div class=\"elementor-element elementor-element-292ec5b7 elementor-widget elementor-widget-text-editor\" data-id=\"292ec5b7\" data-element_type=\"widget\" data-widget_type=\"text-editor.default\">\n\t\t\t\t\t\t\t\t\t<p class=\"translation-block\">Christian Beckmann verantwortet als CEO die strategische Weiterentwicklung von \u2060S\u2060A\u2060E\u2060R\u2060T\u2060E\u2060X\u2060 mit einem klaren Fokus auf Vertrieb, Marketing, die globale Marktentwicklung, das Portfoliomanagement, sowie die Erschlie\u00dfung neuer Gesch\u00e4ftsfelder.<\/p><p class=\"translation-block\">Er steht f\u00fcr eine offene, zukunftsorientierte F\u00fchrungskultur und treibt die Positionierung des Unternehmens als globalen Partner f\u00fcr Composite L\u00f6sungen voran.<\/p><p class=\"translation-block\">Mit seiner langj\u00e4hrigen internationalen Erfahrung in Unternehmensf\u00fchrung, Marketing und Vertrieb, der Entwicklung innovativer Produkte und Gesch\u00e4ftsmodelle, im Bereich M&amp;A, sowie in Digitalisierung und Nachhaltigkeit liegt der Fokus seiner Aufgabe auf der zukunftsorientierten Unternehmensentwicklung.<\/p>\t\t\t\t\t\t\t\t<\/div>\n\t\t\t\t<\/div>\n\t\t\t\t\t<\/div>\n\t\t\t\t<\/div>\n\t\t<div class=\"elementor-element elementor-element-e60e7a6 e-flex e-con-boxed e-con e-parent\" data-id=\"e60e7a6\" data-element_type=\"container\" data-settings=\"{&quot;background_background&quot;:&quot;classic&quot;}\">\n\t\t\t\t\t<div class=\"e-con-inner\">\n\t\t<div class=\"elementor-element elementor-element-f8b3806 e-con-full e-flex elementor-invisible e-con e-child\" data-id=\"f8b3806\" data-element_type=\"container\" data-settings=\"{&quot;animation&quot;:&quot;fadeInLeft&quot;}\">\n\t\t\t\t<div class=\"elementor-element elementor-element-5f04a48 title-color-1 elementor-widget elementor-widget-heading\" data-id=\"5f04a48\" data-element_type=\"widget\" data-widget_type=\"heading.default\">\n\t\t\t\t\t<h2 class=\"elementor-heading-title elementor-size-default\">Roland Nowicki<\/h2>\t\t\t\t<\/div>\n\t\t\t\t<div class=\"elementor-element elementor-element-cab294d elementor-widget elementor-widget-text-editor\" data-id=\"cab294d\" data-element_type=\"widget\" data-widget_type=\"text-editor.default\">\n\t\t\t\t\t\t\t\t\t<p class=\"translation-block\">Roland Nowicki verantwortet als CEO die strategische Planung und Ausrichtung von SAERTEX sowie den Ausbau effizienter Organisationsstrukturen und globaler Teams in wesentlichen operativen und funktionalen Bereichen.<\/p><p class=\"translation-block\">Er steht f\u00fcr eine offen-kommunikative Unternehmenskultur sowie eine langfristig orientierte strategische Unternehmensf\u00fchrung.<\/p><p class=\"translation-block\">Mit seiner langj\u00e4hrigen internationalen Erfahrung in den Bereichen Strategie, Restrukturierung und Marketing &amp; Sales fokussiert er stark auf die Themen Strategieentwicklung sowie die St\u00e4rkung der Finanz- und Ertragskraft der SAERTEX-Gruppe, in Verbindung mit der Entwicklung hochwertiger und innovativer Partnerschaften mit Lieferanten und diversen Spielern im Composite-Bereich.<\/p>\t\t\t\t\t\t\t\t<\/div>\n\t\t\t\t<\/div>\n\t\t<div class=\"elementor-element elementor-element-4dec5c2 e-con-full e-flex elementor-invisible e-con e-child\" data-id=\"4dec5c2\" data-element_type=\"container\" data-settings=\"{&quot;animation&quot;:&quot;fadeInRight&quot;}\">\n\t\t\t\t<div class=\"elementor-element elementor-element-4aecc92 elementor-widget elementor-widget-image\" data-id=\"4aecc92\" data-element_type=\"widget\" data-widget_type=\"image.default\">\n\t\t\t\t\t\t\t\t\t\t\t\t\t\t\t<img loading=\"lazy\" decoding=\"async\" width=\"800\" height=\"534\" src=\"https:\/\/stx-dev.livewelt-digital.de\/wp-content\/uploads\/2025\/12\/DSC0978-Verbessert-RR-1024x683.jpg\" class=\"attachment-large size-large wp-image-34441\" alt=\"Ein Mann in einem Anzug steht in einem modernen B\u00fcro.\" srcset=\"https:\/\/stx-dev.livewelt-digital.de\/wp-content\/uploads\/2025\/12\/DSC0978-Verbessert-RR-1024x683.jpg 1024w, https:\/\/stx-dev.livewelt-digital.de\/wp-content\/uploads\/2025\/12\/DSC0978-Verbessert-RR-300x200.jpg 300w, https:\/\/stx-dev.livewelt-digital.de\/wp-content\/uploads\/2025\/12\/DSC0978-Verbessert-RR-150x100.jpg 150w, https:\/\/stx-dev.livewelt-digital.de\/wp-content\/uploads\/2025\/12\/DSC0978-Verbessert-RR-768x512.jpg 768w, https:\/\/stx-dev.livewelt-digital.de\/wp-content\/uploads\/2025\/12\/DSC0978-Verbessert-RR-1536x1024.jpg 1536w, https:\/\/stx-dev.livewelt-digital.de\/wp-content\/uploads\/2025\/12\/DSC0978-Verbessert-RR-18x12.jpg 18w, https:\/\/stx-dev.livewelt-digital.de\/wp-content\/uploads\/2025\/12\/DSC0978-Verbessert-RR.jpg 1920w\" sizes=\"(max-width: 800px) 100vw, 800px\" \/>\t\t\t\t\t\t\t\t\t\t\t\t\t\t\t<\/div>\n\t\t\t\t<\/div>\n\t\t\t\t\t<\/div>\n\t\t\t\t<\/div>\n\t\t<div class=\"elementor-element elementor-element-6f1b7b0 e-flex e-con-boxed e-con e-parent\" data-id=\"6f1b7b0\" data-element_type=\"container\" data-settings=\"{&quot;background_background&quot;:&quot;classic&quot;}\">\n\t\t\t\t\t<div class=\"e-con-inner\">\n\t\t<div class=\"elementor-element elementor-element-91e60a0 e-con-full e-flex elementor-invisible e-con e-child\" data-id=\"91e60a0\" data-element_type=\"container\" data-settings=\"{&quot;animation&quot;:&quot;fadeInLeft&quot;}\">\n\t\t\t\t<div class=\"elementor-element elementor-element-2f60eda elementor-widget elementor-widget-image\" data-id=\"2f60eda\" data-element_type=\"widget\" data-widget_type=\"image.default\">\n\t\t\t\t\t\t\t\t\t\t\t\t\t\t\t<img loading=\"lazy\" decoding=\"async\" width=\"800\" height=\"534\" src=\"https:\/\/stx-dev.livewelt-digital.de\/wp-content\/uploads\/2025\/12\/DSC0918-Verbessert-RR-1024x683.jpg\" class=\"attachment-large size-large wp-image-34442\" alt=\"Mann in Anzug lehnt an einer Wand\" srcset=\"https:\/\/stx-dev.livewelt-digital.de\/wp-content\/uploads\/2025\/12\/DSC0918-Verbessert-RR-1024x683.jpg 1024w, https:\/\/stx-dev.livewelt-digital.de\/wp-content\/uploads\/2025\/12\/DSC0918-Verbessert-RR-300x200.jpg 300w, https:\/\/stx-dev.livewelt-digital.de\/wp-content\/uploads\/2025\/12\/DSC0918-Verbessert-RR-150x100.jpg 150w, https:\/\/stx-dev.livewelt-digital.de\/wp-content\/uploads\/2025\/12\/DSC0918-Verbessert-RR-768x512.jpg 768w, https:\/\/stx-dev.livewelt-digital.de\/wp-content\/uploads\/2025\/12\/DSC0918-Verbessert-RR-1536x1024.jpg 1536w, https:\/\/stx-dev.livewelt-digital.de\/wp-content\/uploads\/2025\/12\/DSC0918-Verbessert-RR-18x12.jpg 18w, https:\/\/stx-dev.livewelt-digital.de\/wp-content\/uploads\/2025\/12\/DSC0918-Verbessert-RR.jpg 1920w\" sizes=\"(max-width: 800px) 100vw, 800px\" \/>\t\t\t\t\t\t\t\t\t\t\t\t\t\t\t<\/div>\n\t\t\t\t<\/div>\n\t\t<div class=\"elementor-element elementor-element-2c75872 e-con-full e-flex elementor-invisible e-con e-child\" data-id=\"2c75872\" data-element_type=\"container\" data-settings=\"{&quot;animation&quot;:&quot;fadeInRight&quot;}\">\n\t\t\t\t<div class=\"elementor-element elementor-element-0595860 elementor-widget elementor-widget-heading\" data-id=\"0595860\" data-element_type=\"widget\" data-widget_type=\"heading.default\">\n\t\t\t\t\t<h2 class=\"elementor-heading-title elementor-size-default\">Dietmar M\u00f6cke<\/h2>\t\t\t\t<\/div>\n\t\t\t\t<div class=\"elementor-element elementor-element-f1a081b elementor-widget elementor-widget-text-editor\" data-id=\"f1a081b\" data-element_type=\"widget\" data-widget_type=\"text-editor.default\">\n\t\t\t\t\t\t\t\t\t<p class=\"translation-block\">Als CTO verantwortet Dietmar M\u00f6cke die technologische Ausrichtung und Innovation bei \u2060S\u2060A\u2060E\u2060R\u2060T\u2060E\u2060X, insbesondere auch im Bereich der Maschinentechnologie.<\/p><p class=\"translation-block\">Mit seinem tiefem Material- und Prozesswissen treibt er die Entwicklung neuer L\u00f6sungen f\u00fcr Leichtbauanwendungen in unterschiedlichsten Segmenten voran.<\/p><p class=\"translation-block\">Dietmar verbindet langj\u00e4hriges technologisches Wissen mit praxisnaher Umsetzung und ist im engen Austausch mit Kunden, Forschungspartnern und internationalen Teams. Dabei steht er f\u00fcr besondere Innovationen der SAERTEX-Gruppe, wie der Innenlagen-Detektion zur Qualit\u00e4tssicherung von mehrlagigen NCF-Strukturen, wie auch der Entwicklung hochflexibler Fertigungstechnologien.<\/p>\t\t\t\t\t\t\t\t<\/div>\n\t\t\t\t<\/div>\n\t\t\t\t\t<\/div>\n\t\t\t\t<\/div>\n\t\t<div class=\"elementor-element elementor-element-147cdc1 e-flex e-con-boxed e-con e-parent\" data-id=\"147cdc1\" data-element_type=\"container\">\n\t\t\t\t\t<div class=\"e-con-inner\">\n\t\t\t\t\t<\/div>\n\t\t\t\t<\/div>\n\t\t\t\t<\/div>","protected":false},"excerpt":{"rendered":"<p>Unternehmens&shy;f\u00fchrung EIN FAMILIENUNTERNEHMEN MIT TRADITION SAERTEX ist ein unabh\u00e4ngiges Familienunternehmen, das seit seiner Gr\u00fcndung 1982 von einer langfristigen, verantwortungsbewussten Eigent\u00fcmerstruktur gepr\u00e4gt wird. Die Gesellschafter-Familie steht f\u00fcr unternehmerische Kontinuit\u00e4t, nachhaltiges Wachstum und eine klare Vision f\u00fcr die Zukunft des Unternehmens. Mit ihrem starken Engagement, ihrer Verbundenheit zum Unternehmen und ihrem Vertrauen in die Mitarbeitenden schaffen sie [&hellip;]<\/p>\n","protected":false},"author":9,"featured_media":0,"parent":15306,"menu_order":1,"comment_status":"closed","ping_status":"closed","template":"","meta":{"_acf_changed":false,"content-type":"","footnotes":""},"categories":[],"tags":[],"competences":[],"products":[],"class_list":["post-32674","page","type-page","status-publish","hentry"],"acf":[],"_links":{"self":[{"href":"https:\/\/stx-dev.livewelt-digital.de\/fr\/wp-json\/wp\/v2\/pages\/32674","targetHints":{"allow":["GET"]}}],"collection":[{"href":"https:\/\/stx-dev.livewelt-digital.de\/fr\/wp-json\/wp\/v2\/pages"}],"about":[{"href":"https:\/\/stx-dev.livewelt-digital.de\/fr\/wp-json\/wp\/v2\/types\/page"}],"author":[{"embeddable":true,"href":"https:\/\/stx-dev.livewelt-digital.de\/fr\/wp-json\/wp\/v2\/users\/9"}],"replies":[{"embeddable":true,"href":"https:\/\/stx-dev.livewelt-digital.de\/fr\/wp-json\/wp\/v2\/comments?post=32674"}],"version-history":[{"count":0,"href":"https:\/\/stx-dev.livewelt-digital.de\/fr\/wp-json\/wp\/v2\/pages\/32674\/revisions"}],"up":[{"embeddable":true,"href":"https:\/\/stx-dev.livewelt-digital.de\/fr\/wp-json\/wp\/v2\/pages\/15306"}],"wp:attachment":[{"href":"https:\/\/stx-dev.livewelt-digital.de\/fr\/wp-json\/wp\/v2\/media?parent=32674"}],"wp:term":[{"taxonomy":"category","embeddable":true,"href":"https:\/\/stx-dev.livewelt-digital.de\/fr\/wp-json\/wp\/v2\/categories?post=32674"},{"taxonomy":"post_tag","embeddable":true,"href":"https:\/\/stx-dev.livewelt-digital.de\/fr\/wp-json\/wp\/v2\/tags?post=32674"},{"taxonomy":"competences","embeddable":true,"href":"https:\/\/stx-dev.livewelt-digital.de\/fr\/wp-json\/wp\/v2\/competences?post=32674"},{"taxonomy":"products","embeddable":true,"href":"https:\/\/stx-dev.livewelt-digital.de\/fr\/wp-json\/wp\/v2\/products?post=32674"}],"curies":[{"name":"wp","href":"https:\/\/api.w.org\/{rel}","templated":true}]}}