{"id":24,"date":"2021-05-31T12:01:50","date_gmt":"2021-05-31T10:01:39","guid":{"rendered":"https:\/\/whitelabel.livewelt-digital.de\/?page_id=24"},"modified":"2025-07-16T13:50:29","modified_gmt":"2025-07-16T11:50:29","slug":"mentions-legales","status":"publish","type":"page","link":"https:\/\/stx-dev.livewelt-digital.de\/fr\/impressum\/","title":{"rendered":"Impressum"},"content":{"rendered":"<div data-elementor-type=\"wp-page\" data-elementor-id=\"24\" class=\"elementor elementor-24\" data-elementor-post-type=\"page\">\n\t\t\t\t<div class=\"elementor-element elementor-element-90fbba9 e-flex e-con-boxed e-con e-parent\" data-id=\"90fbba9\" data-element_type=\"container\">\n\t\t\t\t\t<div class=\"e-con-inner\">\n\t\t<div class=\"elementor-element elementor-element-65fd550 e-con-full e-flex e-con e-child\" data-id=\"65fd550\" data-element_type=\"container\">\n\t\t\t\t<div class=\"elementor-element elementor-element-f0d26b4 elementor-widget elementor-widget-heading\" data-id=\"f0d26b4\" data-element_type=\"widget\" data-widget_type=\"heading.default\">\n\t\t\t\t\t<h2 class=\"elementor-heading-title elementor-size-default\">Angaben gem\u00e4\u00df \u00a7 5 TMG <\/h2>\t\t\t\t<\/div>\n\t\t\t\t<div class=\"elementor-element elementor-element-d1a3893 elementor-widget elementor-widget-text-editor\" data-id=\"d1a3893\" data-element_type=\"widget\" data-widget_type=\"text-editor.default\">\n\t\t\t\t\t\t\t\t\t<p class=\"translation-block\"><strong>Dienstanbieter i.S.d. \u00a7 5\u00a0DDG<\/strong><br \/>SAERTEX GmbH &amp; Co. KG<\/p><p class=\"translation-block\"><strong>Anschrift<\/strong><br \/>SAERTEX GmbH &amp; Co. KG<br \/>Brochterbecker Damm 52<br \/>48369 Saerbeck<br \/>Deutschland<\/p><p class=\"translation-block\">Postfach Anschrift:<br \/>SAERTEX GmbH &amp; Co. KG<br \/>Postfach 1121<br \/>48369 Saerbeck<\/p>\t\t\t\t\t\t\t\t<\/div>\n\t\t\t\t<\/div>\n\t\t<div class=\"elementor-element elementor-element-e3b62f9 e-flex e-con-boxed e-con e-child\" data-id=\"e3b62f9\" data-element_type=\"container\">\n\t\t\t\t\t<div class=\"e-con-inner\">\n\t\t\t\t<div class=\"elementor-element elementor-element-791ab55 elementor-widget elementor-widget-text-editor\" data-id=\"791ab55\" data-element_type=\"widget\" data-widget_type=\"text-editor.default\">\n\t\t\t\t\t\t\t\t\t<p class=\"translation-block\"><strong>Kontakt<\/strong><br \/>Telefon: +49\/02574\/902-0<br \/>Telefax: +49\/02574\/902-209<br \/>E-Mail:\u00a0<a href=\"https:\/\/www.saertex.com\/kontakt\/\">Kontaktformular<\/a><\/p><p class=\"translation-block\"><strong>Vertreten durch<\/strong><br \/>die pers\u00f6nlich haftende Gesellschafterin SAERTEX Beteiligungsgesellschaft mbH (Handelsregister: AG Steinfurt, HRB 5299) mit Sitz in Saerbeck, Brochterbecker Damm 52, 48369 Saerbeck.<\/p><p class=\"translation-block\">Gesch\u00e4ftsf\u00fchrer: Christian Beckmann (CEO), Roland Nowicki (CEO), Dietmar M\u00f6cke (CTO) und Bruno Lammers (Gesch\u00e4ftsf\u00fchrender Gesellschafter)<\/p><p class=\"translation-block\"><strong>Handelsregister<\/strong><br \/>AG Steinfurt, HRA 4050<\/p><p class=\"translation-block\"><strong>Umsatzsteuer-Identifikationsnummer<\/strong><br \/>USt.-IdNr.: DE 125495750<\/p><p class=\"translation-block\"><strong>Verantwortlich nach \u00a718 MStV:<\/strong><br \/>Christian Beckmann und Roland Nowicki\u00a0<br \/>Chief Executive Officer\u00a0<br \/>SAERTEX GmbH &amp; Co. KG<br \/>Brochterbecker Damm 52<br \/>48369 Saerbeck<br \/>Deutschland<\/p><p class=\"translation-block\"><strong>Informationsinhalt<\/strong><br \/>Die Informationen dieser Webseiten k\u00f6nnen ohne vorherige Ank\u00fcndigung ge\u00e4ndert, entfernt oder erg\u00e4nzt werden.<\/p><p class=\"translation-block\"><strong>Haftungsausschluss<\/strong><br \/>Die Zusammenstellung der Informationen erfolgte mit der gebotenen Sorgfalt. Eine Gew\u00e4hr f\u00fcr Richtigkeit und Vollst\u00e4ndigkeit der auf der Website befindlichen Information wird nicht \u00fcbernommen.<\/p><p class=\"translation-block\">Der SAERTEX GmbH &amp; Co. KG distanziert sich hiermit ausdr\u00fccklich von allen Inhalten aller verlinkten Seitenadressen auf dieser Homepage und macht sich diese Inhalte nicht zu Eigen. Die Inhalte begr\u00fcnden keine Verantwortung der SAERTEX GmbH &amp; Co. KG f\u00fcr die dort bereit gehaltenen Daten und Informationen. F\u00fcr rechtswidrige, fehlerhafte oder unvollst\u00e4ndige Inhalte und f\u00fcr Sch\u00e4den, die aufgrund der Nutzung von einem hinter dem Link liegenden Inhalt verursacht worden sind, haftet die \u00a0SAERTEX GmbH &amp; Co. KG daher nicht.<\/p><p class=\"translation-block\"><strong>Urheberrecht<\/strong><br \/>Die von der SAERTEX GmbH &amp; Co. KG und ihren Mitarbeitern selbst erstellten Inhalte (Texte und Bilder) dieser Seiten sind urheberrechtlich gesch\u00fctzt. Jede den Bestimmungen des Urheberrechtsgesetzes widersprechende Verwendung jeglicher Inhalte dieser Webseiten \u2013 insbesondere die weitergehende Nutzung wie beispielsweise die Ver\u00f6ffentlichung, Vervielf\u00e4ltigung und jede Form von gewerblicher Nutzung sowie die Weitergabe an Dritte \u2013 auch in Teilen oder in \u00fcberarbeiteter Form \u2013 ohne ausdr\u00fcckliche Zustimmung der SAERTEX GmbH &amp; Co.KG ist untersagt.<\/p><p class=\"translation-block\"><strong>Schlichtung<\/strong><br \/>F\u00fcr den Fall, dass der Nutzer Verbraucher (nicht Unternehmer) ist, erfolgt der Hinweis gem\u00e4\u00df Art. 14 der VO (EU) Nr. 524\/2013 \u2013 ODR-Verordnung auf die M\u00f6glichkeit au\u00dfergerichtlicher Streitbeilegung. Details hierzu finden sich in der vorgenannten Verordnung und unter: https:\/\/ec.europa.eu\/consumers\/odr. Die SAERTEX GmbH &amp; Co. KG ist weder bereit noch verpflichtet, an Streitbeilegungsverfahren vor einer Verbraucherschlichtungsstelle teilzunehmen.\u201c<\/p><p class=\"translation-block\">\u00a9SAERTEX GmbH &amp; Co. KG \u2013 all rights reserved<\/p>\t\t\t\t\t\t\t\t<\/div>\n\t\t\t\t\t<\/div>\n\t\t\t\t<\/div>\n\t\t\t\t\t<\/div>\n\t\t\t\t<\/div>\n\t\t\t\t<\/div>","protected":false},"excerpt":{"rendered":"<p>Angaben gem\u00e4\u00df \u00a7 5 TMG Dienstanbieter i.S.d. \u00a7 5\u00a0DDGSAERTEX GmbH &amp; Co. KG AnschriftSAERTEX GmbH &amp; Co. KGBrochterbecker Damm 5248369 SaerbeckDeutschland Postfach Anschrift:SAERTEX GmbH &amp; Co. KGPostfach 112148369 Saerbeck KontaktTelefon: +49\/02574\/902-0Telefax: +49\/02574\/902-209E-Mail:\u00a0Kontaktformular Vertreten durchdie pers\u00f6nlich haftende Gesellschafterin SAERTEX Beteiligungsgesellschaft mbH (Handelsregister: AG Steinfurt, HRB 5299) mit Sitz in Saerbeck, Brochterbecker Damm 52, 48369 Saerbeck. Gesch\u00e4ftsf\u00fchrer: [&hellip;]<\/p>\n","protected":false},"author":1,"featured_media":0,"parent":0,"menu_order":4,"comment_status":"closed","ping_status":"closed","template":"","meta":{"_acf_changed":false,"content-type":"","footnotes":""},"categories":[],"tags":[],"competences":[],"products":[],"class_list":["post-24","page","type-page","status-publish","hentry"],"acf":[],"_links":{"self":[{"href":"https:\/\/stx-dev.livewelt-digital.de\/fr\/wp-json\/wp\/v2\/pages\/24","targetHints":{"allow":["GET"]}}],"collection":[{"href":"https:\/\/stx-dev.livewelt-digital.de\/fr\/wp-json\/wp\/v2\/pages"}],"about":[{"href":"https:\/\/stx-dev.livewelt-digital.de\/fr\/wp-json\/wp\/v2\/types\/page"}],"author":[{"embeddable":true,"href":"https:\/\/stx-dev.livewelt-digital.de\/fr\/wp-json\/wp\/v2\/users\/1"}],"replies":[{"embeddable":true,"href":"https:\/\/stx-dev.livewelt-digital.de\/fr\/wp-json\/wp\/v2\/comments?post=24"}],"version-history":[{"count":0,"href":"https:\/\/stx-dev.livewelt-digital.de\/fr\/wp-json\/wp\/v2\/pages\/24\/revisions"}],"wp:attachment":[{"href":"https:\/\/stx-dev.livewelt-digital.de\/fr\/wp-json\/wp\/v2\/media?parent=24"}],"wp:term":[{"taxonomy":"category","embeddable":true,"href":"https:\/\/stx-dev.livewelt-digital.de\/fr\/wp-json\/wp\/v2\/categories?post=24"},{"taxonomy":"post_tag","embeddable":true,"href":"https:\/\/stx-dev.livewelt-digital.de\/fr\/wp-json\/wp\/v2\/tags?post=24"},{"taxonomy":"competences","embeddable":true,"href":"https:\/\/stx-dev.livewelt-digital.de\/fr\/wp-json\/wp\/v2\/competences?post=24"},{"taxonomy":"products","embeddable":true,"href":"https:\/\/stx-dev.livewelt-digital.de\/fr\/wp-json\/wp\/v2\/products?post=24"}],"curies":[{"name":"wp","href":"https:\/\/api.w.org\/{rel}","templated":true}]}}